{"id":489,"date":"2019-01-15T19:57:11","date_gmt":"2019-01-15T19:57:11","guid":{"rendered":"https:\/\/fuchs-choreography.de\/?page_id=489"},"modified":"2019-01-15T21:09:41","modified_gmt":"2019-01-15T21:09:41","slug":"lulu","status":"publish","type":"page","link":"https:\/\/fuchs-choreography.de\/en\/lulu\/","title":{"rendered":"LULU"},"content":{"rendered":"\n<p>Frank Wedekinds Dramen \u201eErdgeist\u201c und \u201eDie B\u00fcchse der Pandora\u201c schildern den Aufstieg des Stra\u00dfenkindes Lulu an der Seite zahlreicher M\u00e4nner bis hin in die h\u00f6chsten Gesellschaftskreise Wiens sowie ihren tiefen Fall bis hin zu ihrer Ermordung durch Jack the Ripper.<\/p>\n\n\n\n<p>Steffen Fuchs erz\u00e4hlt mit \u201eLulu\u201c die Revue einer \u201eFrau ohne Eigenschaften\u201c, die keine W\u00fcnsche formuliert und somit allen W\u00fcnschen offen steht. So erm\u00f6glicht sie den M\u00e4nnern, deren jeweiligen Ideen des Weiblichen und den Willen zur Domestizierung der Frauen auf Lulu zu projizieren. Fuchs w\u00e4hlt bewusst die Form der Revue anstelle einer stringenten Nacherz\u00e4hlung der beiden St\u00fccke von Frank Wedekind. Die einzelnen 15 Szenen stellen Passagen der Dramen in einen aktuellen gesellschaftlichen Kontext und hinterfragen das Bild und die Erwartungen an die Frau in unserer von M\u00e4nnern dominierten Welt.<\/p>\n\n\n\n<p><strong>Tanzrevue von Steffen Fuchs nach Frank Wedekind<\/strong><br><strong>Choreografie: <\/strong>Steffen Fuchs<br><strong>Ausstattung:<\/strong> Ines Alda<br><strong>Musik:<\/strong> Richard Wagner, Nino Rota, Moritz Eggert, George Gershwin, Chris Isaac u.a.<\/p>\n\n\n\n<figure class=\"wp-block-embed-vimeo wp-block-embed is-type-video is-provider-vimeo wp-embed-aspect-16-9 wp-has-aspect-ratio\"><div class=\"wp-block-embed__wrapper\">\n<iframe loading=\"lazy\" src=\"https:\/\/player.vimeo.com\/video\/185502484?app_id=122963\" width=\"960\" height=\"540\" frameborder=\"0\" title=\"Video-Trailer &middot; Lulu\" allow=\"autoplay; fullscreen\" allowfullscreen><\/iframe>\n<\/div><\/figure>\n\n\n\n<div id=\"metaslider-id-142\" style=\"max-width: 640px;\" class=\"ml-slider-3-101-0 metaslider metaslider-flex metaslider-142 ml-slider ms-theme-default nav-hidden\" role=\"region\" aria-label=\"Lulu\" data-height=\"360\" data-width=\"640\">\n    <div id=\"metaslider_container_142\">\n        <div id=\"metaslider_142\" class=\"flexslider\">\n            <ul class='slides'>\n                <li style=\"display: block; width: 100%;\" class=\"slide-146 ms-image \" aria-roledescription=\"slide\" data-date=\"2018-05-30 18:51:45\"><img loading=\"lazy\" decoding=\"async\" width=\"1000\" height=\"668\" src=\"https:\/\/fuchs-choreography.de\/wp-content\/uploads\/2018\/05\/ko_lulu2016_1.jpg\" class=\"slider-142 slide-146 msDefaultImage\" alt=\"\" rel=\"\" title=\"ko_lulu2016_1\" srcset=\"https:\/\/fuchs-choreography.de\/wp-content\/uploads\/2018\/05\/ko_lulu2016_1.jpg 1000w, https:\/\/fuchs-choreography.de\/wp-content\/uploads\/2018\/05\/ko_lulu2016_1-300x200.jpg 300w, https:\/\/fuchs-choreography.de\/wp-content\/uploads\/2018\/05\/ko_lulu2016_1-768x513.jpg 768w\" sizes=\"auto, (max-width: 1000px) 100vw, 1000px\" \/><\/li>\n                <li style=\"display: none; width: 100%;\" class=\"slide-147 ms-image \" aria-roledescription=\"slide\" data-date=\"2018-05-30 18:51:45\"><img loading=\"lazy\" decoding=\"async\" width=\"1000\" height=\"667\" src=\"https:\/\/fuchs-choreography.de\/wp-content\/uploads\/2018\/05\/ko_lulu2016_5.jpg\" class=\"slider-142 slide-147 msDefaultImage\" alt=\"\" rel=\"\" title=\"ko_lulu2016_5\" srcset=\"https:\/\/fuchs-choreography.de\/wp-content\/uploads\/2018\/05\/ko_lulu2016_5.jpg 1000w, https:\/\/fuchs-choreography.de\/wp-content\/uploads\/2018\/05\/ko_lulu2016_5-300x200.jpg 300w, https:\/\/fuchs-choreography.de\/wp-content\/uploads\/2018\/05\/ko_lulu2016_5-768x512.jpg 768w\" sizes=\"auto, (max-width: 1000px) 100vw, 1000px\" \/><\/li>\n                <li style=\"display: none; width: 100%;\" class=\"slide-148 ms-image \" aria-roledescription=\"slide\" data-date=\"2018-05-30 18:51:45\"><img loading=\"lazy\" decoding=\"async\" width=\"1000\" height=\"602\" src=\"https:\/\/fuchs-choreography.de\/wp-content\/uploads\/2018\/05\/ko_lulu2016_6.jpg\" class=\"slider-142 slide-148 msDefaultImage\" alt=\"\" rel=\"\" title=\"ko_lulu2016_6\" srcset=\"https:\/\/fuchs-choreography.de\/wp-content\/uploads\/2018\/05\/ko_lulu2016_6.jpg 1000w, https:\/\/fuchs-choreography.de\/wp-content\/uploads\/2018\/05\/ko_lulu2016_6-300x181.jpg 300w, https:\/\/fuchs-choreography.de\/wp-content\/uploads\/2018\/05\/ko_lulu2016_6-768x462.jpg 768w\" sizes=\"auto, (max-width: 1000px) 100vw, 1000px\" \/><\/li>\n            <\/ul>\n        <\/div>\n        \n    <\/div>\n<\/div>\n","protected":false},"excerpt":{"rendered":"<p>Frank Wedekinds Dramen \u201eErdgeist\u201c und \u201eDie B\u00fcchse der Pandora\u201c schildern den Aufstieg des Stra\u00dfenkindes Lulu an der Seite zahlreicher M\u00e4nner bis hin in die h\u00f6chsten Gesellschaftskreise Wiens sowie ihren tiefen Fall bis hin zu ihrer Ermordung durch Jack the Ripper. Steffen Fuchs erz\u00e4hlt mit \u201eLulu\u201c die Revue einer \u201eFrau ohne Eigenschaften\u201c, die keine W\u00fcnsche formuliert und somit allen W\u00fcnschen offen steht. So erm\u00f6glicht sie den M\u00e4nnern, deren jeweiligen Ideen des Weiblichen und den Willen zur Domestizierung der Frauen auf Lulu zu projizieren. Fuchs w\u00e4hlt bewusst die Form der Revue anstelle einer stringenten Nacherz\u00e4hlung der beiden St\u00fccke von Frank Wedekind. Die einzelnen 15 Szenen stellen Passagen der Dramen in einen aktuellen gesellschaftlichen Kontext und hinterfragen das Bild und die Erwartungen an die Frau in unserer von M\u00e4nnern dominierten Welt. Tanzrevue von Steffen Fuchs nach Frank WedekindChoreografie: Steffen FuchsAusstattung: Ines AldaMusik: Richard Wagner, Nino Rota, Moritz Eggert, George Gershwin, Chris Isaac u.a.<\/p>\n","protected":false},"author":1,"featured_media":0,"parent":0,"menu_order":0,"comment_status":"closed","ping_status":"closed","template":"","meta":{"footnotes":""},"class_list":["post-489","page","type-page","status-publish","hentry"],"translation":{"provider":"WPGlobus","version":"3.0.0","language":"en","enabled_languages":["de","en"],"languages":{"de":{"title":true,"content":true,"excerpt":false},"en":{"title":true,"content":true,"excerpt":false}}},"acf":[],"_links":{"self":[{"href":"https:\/\/fuchs-choreography.de\/en\/wp-json\/wp\/v2\/pages\/489","targetHints":{"allow":["GET"]}}],"collection":[{"href":"https:\/\/fuchs-choreography.de\/en\/wp-json\/wp\/v2\/pages"}],"about":[{"href":"https:\/\/fuchs-choreography.de\/en\/wp-json\/wp\/v2\/types\/page"}],"author":[{"embeddable":true,"href":"https:\/\/fuchs-choreography.de\/en\/wp-json\/wp\/v2\/users\/1"}],"replies":[{"embeddable":true,"href":"https:\/\/fuchs-choreography.de\/en\/wp-json\/wp\/v2\/comments?post=489"}],"version-history":[{"count":2,"href":"https:\/\/fuchs-choreography.de\/en\/wp-json\/wp\/v2\/pages\/489\/revisions"}],"predecessor-version":[{"id":543,"href":"https:\/\/fuchs-choreography.de\/en\/wp-json\/wp\/v2\/pages\/489\/revisions\/543"}],"wp:attachment":[{"href":"https:\/\/fuchs-choreography.de\/en\/wp-json\/wp\/v2\/media?parent=489"}],"curies":[{"name":"wp","href":"https:\/\/api.w.org\/{rel}","templated":true}]}}